{"id":732,"date":"2023-07-25T15:56:12","date_gmt":"2023-07-25T15:56:12","guid":{"rendered":"https:\/\/ktimatatsis.gr\/?page_id=732"},"modified":"2023-07-26T08:36:10","modified_gmt":"2023-07-26T08:36:10","slug":"distribution-network","status":"publish","type":"page","link":"https:\/\/ktimatatsis.gr\/el\/distribution-network\/","title":{"rendered":"\u0394\u03af\u03ba\u03c4\u03c5\u03bf \u0394\u03b9\u03b1\u03bd\u03bf\u03bc\u03ae\u03c2"},"content":{"rendered":"<p class=\"has-extra-large-font-size\"><strong>EUROPE<\/strong><\/p>\n\n\n\n<p class=\"has-larger-font-size\">GERMANY<\/p>\n\n\n\n<p>\u00b7 Greek Delicious-Philomenis<br>Inh. Stephanie Wandrey<br>Knesebeckstr 97 &#8211; 10623 Berlin filosotiriou@gmail.com<\/p>\n\n\n\n<p>\u00b7 The Winehouse &#8211; Papapostolou &amp; Haitidis<br>Burgsteige 1, M\u00fchlsteige 4, 89075 Ulm, \u0393\u03b5\u03c1\u03bc\u03b1\u03bd\u03af\u03b1<br>+49 731 4923621 <a href=\"https:\/\/the-winehouse.de\/\">https:\/\/the-winehouse.de\/<\/a><\/p>\n\n\n\n<p class=\"has-larger-font-size\">ITALY<\/p>\n\n\n\n<p>\u00b7 Marco di Socio<br>Viale Monte Nero 82 &#8211; 20135 Milano (MI) Italy<br>cell. +39 328 9712 062 marco.disocio@gmail.com<\/p>\n\n\n\n<p class=\"has-larger-font-size\">FRANCE<\/p>\n\n\n\n<p>\u00b7 MAVROMMATIS PARIS <br>info@mavrommatis.fr<br>Maison Mavrommatis<br>47, rue Censier \u2013 75005 Paris<br>Pour tout renseignement : +33(0)1 45 35 96 50<br>Pour vos \u00e9v\u00e9nements : + 33 (0)1 69 19 22 75<br>Mail : info@mavrommatis.fr<\/p>\n\n\n\n<p>\u00b7 Le Mavrommatis :<br>42, rue Daubenton 75005 Paris<br>+33(0)1 43 31 17 17 \/ daubenton@mavrommatis.fr<br>Thessalia \u2013 Maison Mavrommatis :<br>18, rue Duphot 75001 Paris<br>+33 (0)1 42 97 53 04 \/ info@mavrommatis.fr<\/p>\n\n\n\n<p>\u00b7 Les D\u00e9lices d\u2019Aphrodite :<br>4, rue Candolle 75005 Paris<br>+33 (0)1 43 31 40 39<br>Le Bistrot Mavrommatis Passy :<br>70, avenue Paul Doumer 75116 Paris +33(0)1 40 50 70 40 \/ info@mavrommatis.fr<\/p>\n\n\n\n<p class=\"has-larger-font-size\">SPAIN<\/p>\n\n\n\n<p>\u00b7 SATYRS ARTISAN WINES SL<br>C\/ Per\u00fa 186 bis, 08020 Barcelona, Spain<br>TEL: +34 693562695 \/ + 34 644723543<br><a href=\"https:\/\/satyrs.wine\/\">https:\/\/satyrs.wine\/<\/a><\/p>\n\n\n\n<p class=\"has-larger-font-size\">CYPRUS<\/p>\n\n\n\n<p>\u00b7 La Maison du Vin<br>\u0391\u03b3\u03af\u03bf\u03c5 \u0391\u03b8\u03b1\u03bd\u03b1\u03c3\u03af\u03bf\u03c5 49, \u039b\u03b5\u03bc\u03b5\u03c3\u03cc\u03c2 4102, \u039a\u03cd\u03c0\u03c1\u03bf\u03c2<br>+357 25 736220 https:\/\/www.lamaisonduvin.com.cy\/en\/page\/home-$start<\/p>\n\n\n\n<p class=\"has-larger-font-size\">DENMARK<\/p>\n\n\n\n<p>\u00b7 OINOFILIA Denmark<br>TEL: 0045 27160069<br>Kapellet, Bl\u00e5g\u00e5rds Pl. 6A, 2200 K\u00f8benhavn N, \u0394\u03b1\u03bd\u03af\u03b1 https:\/\/www.oinofilia.com\/<\/p>\n\n\n\n<p class=\"has-larger-font-size\">SLOVAKIA<\/p>\n\n\n\n<p>\u00b7 Avicta s.r.o.<br>Hany Melickovej 7<br>84105 Bratislava \u2013 Karlova Ves<br>Slovakia<\/p>\n\n\n\n<p class=\"has-larger-font-size\">CROATIA<\/p>\n\n\n\n<p>\u00b7 PRIRODNA VINA doo<br>Ulica Franje Petra\u010di\u0107a 1 &#8211; 10000 Zagreb<br>Croatia<br>tel: ++385 99 477 3894<\/p>\n\n\n\n<p class=\"has-larger-font-size\">UNITED KINGDOM<\/p>\n\n\n\n<p>\u00b7 SOUTHERN WINE ROADS LTD<br>Southern Wine Roads Ltd, 124 City Road, London, EC1V 2NX<br>+44 1689 490349 info@southernwineroads.com<\/p>\n\n\n\n<p class=\"has-extra-large-font-size\"><strong>USA<\/strong><\/p>\n\n\n\n<p>\u00b7 T. Elenteny Imports<br>c\/o DNS Wines info@elentenyimports.com<br>(646) 723-4578<\/p>\n\n\n\n<p class=\"has-larger-font-size\">CANADA<\/p>\n\n\n\n<p>\u00b7 MEDITASTE<br>250-997 SEYMOUR STREET<br>VANCOUVER BC \u2013 BRITISH COLUMBIA V6B 3M1<br>CANADA meditaste@meditaste.ca https:\/\/meditaste.ca\/contact\/<\/p>\n\n\n\n<p>\u00b7 SOCIETE DES ALCOOLS DU QUEBEC<br>7500 Rue Tellier, Montr\u00e9al, QC H1N 3W5, \u039a\u03b1\u03bd\u03b1\u03b4\u03ac\u03c2<br>+1 514-254-6000 https:\/\/www.saq.com\/en\/about-saq<\/p>\n\n\n\n<p class=\"has-extra-large-font-size\"><strong>ASIA<\/strong><\/p>\n\n\n\n<p>\u00b7 TEL AVIV<br>Terroir Wines<br>Cheers wine experience Ltd.<br>\u03a4\u0391\u0399\u0392\u0391\u039d<\/p>\n\n\n\n<p>\u00b7 FINE TASTE CORPORATION<br>5F., No 36, Ln.125, Nong\u2019an St.,Zhongshan Dist.<br>Tel 00886.922042171<\/p>\n\n\n\n<p class=\"has-extra-large-font-size\"><strong>AUSTRALIA<\/strong><\/p>\n\n\n\n<p>\u00b7 Ambrosia Food &amp; Beverage<br>28 Norman St, Peakhurst NSW 2210, \u0391\u03c5\u03c3\u03c4\u03c1\u03b1\u03bb\u03af\u03b1<br>\u03a4\u03b7\u03bb\u03ad\u03c6\u03c9\u03bd\u03bf: +61 413 332 111 nick@ambrosiafoodbev.com.au<\/p>","protected":false},"excerpt":{"rendered":"<p>EUROPE GERMANY \u00b7 Greek Delicious-PhilomenisInh. Stephanie WandreyKnesebeckstr 97 &#8211; 10623 Berlin filosotiriou@gmail.com \u00b7 The Winehouse &#8211; Papapostolou &amp; HaitidisBurgsteige 1, M\u00fchlsteige 4, 89075 Ulm, \u0393\u03b5\u03c1\u03bc\u03b1\u03bd\u03af\u03b1+49 731 4923621 https:\/\/the-winehouse.de\/ ITALY \u00b7 Marco di SocioViale Monte Nero 82 &#8211; 20135 Milano (MI) Italycell. +39 328 9712 062 marco.disocio@gmail.com FRANCE \u00b7 MAVROMMATIS PARIS info@mavrommatis.frMaison Mavrommatis47, rue Censier \u2013 75005 ParisPour tout renseignement : +33(0)1 45 35 96 50Pour vos \u00e9v\u00e9nements : + 33 (0)1 69 19 22 75Mail : info@mavrommatis.fr \u00b7 Le Mavrommatis :42, rue Daubenton 75005 Paris+33(0)1 43 31 17 17 \/ daubenton@mavrommatis.frThessalia \u2013 Maison Mavrommatis :18, rue Duphot 75001 Paris+33 (0)1 42 97 53 04 \/ info@mavrommatis.fr \u00b7 Les D\u00e9lices d\u2019Aphrodite :4, rue Candolle 75005 Paris+33 (0)1 43 31 40 39Le [&hellip;]<\/p>\n","protected":false},"author":2,"featured_media":0,"parent":0,"menu_order":0,"comment_status":"closed","ping_status":"closed","template":"","meta":{"_monsterinsights_skip_tracking":false,"_monsterinsights_sitenote_active":false,"_monsterinsights_sitenote_note":"","_monsterinsights_sitenote_category":0,"footnotes":""},"class_list":["post-732","page","type-page","status-publish","hentry"],"yoast_head":"<!-- This site is optimized with the Yoast SEO plugin v27.3 - https:\/\/yoast.com\/product\/yoast-seo-wordpress\/ -->\n<title>Distribution Network - Domaine Tatsis<\/title>\n<meta name=\"robots\" content=\"index, follow, max-snippet:-1, max-image-preview:large, max-video-preview:-1\" \/>\n<link rel=\"canonical\" href=\"https:\/\/ktimatatsis.gr\/el\/distribution-network\/\" \/>\n<meta property=\"og:locale\" content=\"el_GR\" \/>\n<meta property=\"og:type\" content=\"article\" \/>\n<meta property=\"og:title\" content=\"Distribution Network - Domaine Tatsis\" \/>\n<meta property=\"og:description\" content=\"EUROPE GERMANY \u00b7 Greek Delicious-PhilomenisInh. Stephanie WandreyKnesebeckstr 97 &#8211; 10623 Berlin filosotiriou@gmail.com \u00b7 The Winehouse &#8211; Papapostolou &amp; HaitidisBurgsteige 1, M\u00fchlsteige 4, 89075 Ulm, \u0393\u03b5\u03c1\u03bc\u03b1\u03bd\u03af\u03b1+49 731 4923621 https:\/\/the-winehouse.de\/ ITALY \u00b7 Marco di SocioViale Monte Nero 82 &#8211; 20135 Milano (MI) Italycell. +39 328 9712 062 marco.disocio@gmail.com FRANCE \u00b7 MAVROMMATIS PARIS info@mavrommatis.frMaison Mavrommatis47, rue Censier \u2013 75005 ParisPour tout renseignement : +33(0)1 45 35 96 50Pour vos \u00e9v\u00e9nements : + 33 (0)1 69 19 22 75Mail : info@mavrommatis.fr \u00b7 Le Mavrommatis :42, rue Daubenton 75005 Paris+33(0)1 43 31 17 17 \/ daubenton@mavrommatis.frThessalia \u2013 Maison Mavrommatis :18, rue Duphot 75001 Paris+33 (0)1 42 97 53 04 \/ info@mavrommatis.fr \u00b7 Les D\u00e9lices d\u2019Aphrodite :4, rue Candolle 75005 Paris+33 (0)1 43 31 40 39Le [&hellip;]\" \/>\n<meta property=\"og:url\" content=\"https:\/\/ktimatatsis.gr\/el\/distribution-network\/\" \/>\n<meta property=\"og:site_name\" content=\"Domaine Tatsis\" \/>\n<meta property=\"article:modified_time\" content=\"2023-07-26T08:36:10+00:00\" \/>\n<meta name=\"twitter:card\" content=\"summary_large_image\" \/>\n<meta name=\"twitter:label1\" content=\"\u0395\u03ba\u03c4\u03b9\u03bc\u03ce\u03bc\u03b5\u03bd\u03bf\u03c2 \u03c7\u03c1\u03cc\u03bd\u03bf\u03c2 \u03b1\u03bd\u03ac\u03b3\u03bd\u03c9\u03c3\u03b7\u03c2\" \/>\n\t<meta name=\"twitter:data1\" content=\"2 \u03bb\u03b5\u03c0\u03c4\u03ac\" \/>\n<script type=\"application\/ld+json\" class=\"yoast-schema-graph\">{\"@context\":\"https:\\\/\\\/schema.org\",\"@graph\":[{\"@type\":\"WebPage\",\"@id\":\"https:\\\/\\\/ktimatatsis.gr\\\/distribution-network\\\/\",\"url\":\"https:\\\/\\\/ktimatatsis.gr\\\/distribution-network\\\/\",\"name\":\"Distribution Network - Domaine Tatsis\",\"isPartOf\":{\"@id\":\"https:\\\/\\\/ktimatatsis.gr\\\/#website\"},\"datePublished\":\"2023-07-25T15:56:12+00:00\",\"dateModified\":\"2023-07-26T08:36:10+00:00\",\"breadcrumb\":{\"@id\":\"https:\\\/\\\/ktimatatsis.gr\\\/distribution-network\\\/#breadcrumb\"},\"inLanguage\":\"el\",\"potentialAction\":[{\"@type\":\"ReadAction\",\"target\":[\"https:\\\/\\\/ktimatatsis.gr\\\/distribution-network\\\/\"]}]},{\"@type\":\"BreadcrumbList\",\"@id\":\"https:\\\/\\\/ktimatatsis.gr\\\/distribution-network\\\/#breadcrumb\",\"itemListElement\":[{\"@type\":\"ListItem\",\"position\":1,\"name\":\"Home\",\"item\":\"https:\\\/\\\/ktimatatsis.gr\\\/\"},{\"@type\":\"ListItem\",\"position\":2,\"name\":\"Distribution Network\"}]},{\"@type\":\"WebSite\",\"@id\":\"https:\\\/\\\/ktimatatsis.gr\\\/#website\",\"url\":\"https:\\\/\\\/ktimatatsis.gr\\\/\",\"name\":\"Domaine Tatsis\",\"description\":\"Domaine Tatsis\",\"publisher\":{\"@id\":\"https:\\\/\\\/ktimatatsis.gr\\\/#organization\"},\"potentialAction\":[{\"@type\":\"SearchAction\",\"target\":{\"@type\":\"EntryPoint\",\"urlTemplate\":\"https:\\\/\\\/ktimatatsis.gr\\\/?s={search_term_string}\"},\"query-input\":{\"@type\":\"PropertyValueSpecification\",\"valueRequired\":true,\"valueName\":\"search_term_string\"}}],\"inLanguage\":\"el\"},{\"@type\":\"Organization\",\"@id\":\"https:\\\/\\\/ktimatatsis.gr\\\/#organization\",\"name\":\"Domaine Tatsis\",\"url\":\"https:\\\/\\\/ktimatatsis.gr\\\/\",\"logo\":{\"@type\":\"ImageObject\",\"inLanguage\":\"el\",\"@id\":\"https:\\\/\\\/ktimatatsis.gr\\\/#\\\/schema\\\/logo\\\/image\\\/\",\"url\":\"https:\\\/\\\/ktimatatsis.gr\\\/wp-content\\\/uploads\\\/2022\\\/03\\\/Logo-tatsis-EN.png\",\"contentUrl\":\"https:\\\/\\\/ktimatatsis.gr\\\/wp-content\\\/uploads\\\/2022\\\/03\\\/Logo-tatsis-EN.png\",\"width\":1677,\"height\":441,\"caption\":\"Domaine Tatsis\"},\"image\":{\"@id\":\"https:\\\/\\\/ktimatatsis.gr\\\/#\\\/schema\\\/logo\\\/image\\\/\"}}]}<\/script>\n<!-- \/ Yoast SEO plugin. -->","yoast_head_json":{"title":"Distribution Network - Domaine Tatsis","robots":{"index":"index","follow":"follow","max-snippet":"max-snippet:-1","max-image-preview":"max-image-preview:large","max-video-preview":"max-video-preview:-1"},"canonical":"https:\/\/ktimatatsis.gr\/el\/distribution-network\/","og_locale":"el_GR","og_type":"article","og_title":"Distribution Network - Domaine Tatsis","og_description":"EUROPE GERMANY \u00b7 Greek Delicious-PhilomenisInh. Stephanie WandreyKnesebeckstr 97 &#8211; 10623 Berlin filosotiriou@gmail.com \u00b7 The Winehouse &#8211; Papapostolou &amp; HaitidisBurgsteige 1, M\u00fchlsteige 4, 89075 Ulm, \u0393\u03b5\u03c1\u03bc\u03b1\u03bd\u03af\u03b1+49 731 4923621 https:\/\/the-winehouse.de\/ ITALY \u00b7 Marco di SocioViale Monte Nero 82 &#8211; 20135 Milano (MI) Italycell. +39 328 9712 062 marco.disocio@gmail.com FRANCE \u00b7 MAVROMMATIS PARIS info@mavrommatis.frMaison Mavrommatis47, rue Censier \u2013 75005 ParisPour tout renseignement : +33(0)1 45 35 96 50Pour vos \u00e9v\u00e9nements : + 33 (0)1 69 19 22 75Mail : info@mavrommatis.fr \u00b7 Le Mavrommatis :42, rue Daubenton 75005 Paris+33(0)1 43 31 17 17 \/ daubenton@mavrommatis.frThessalia \u2013 Maison Mavrommatis :18, rue Duphot 75001 Paris+33 (0)1 42 97 53 04 \/ info@mavrommatis.fr \u00b7 Les D\u00e9lices d\u2019Aphrodite :4, rue Candolle 75005 Paris+33 (0)1 43 31 40 39Le [&hellip;]","og_url":"https:\/\/ktimatatsis.gr\/el\/distribution-network\/","og_site_name":"Domaine Tatsis","article_modified_time":"2023-07-26T08:36:10+00:00","twitter_card":"summary_large_image","twitter_misc":{"\u0395\u03ba\u03c4\u03b9\u03bc\u03ce\u03bc\u03b5\u03bd\u03bf\u03c2 \u03c7\u03c1\u03cc\u03bd\u03bf\u03c2 \u03b1\u03bd\u03ac\u03b3\u03bd\u03c9\u03c3\u03b7\u03c2":"2 \u03bb\u03b5\u03c0\u03c4\u03ac"},"schema":{"@context":"https:\/\/schema.org","@graph":[{"@type":"WebPage","@id":"https:\/\/ktimatatsis.gr\/distribution-network\/","url":"https:\/\/ktimatatsis.gr\/distribution-network\/","name":"Distribution Network - Domaine Tatsis","isPartOf":{"@id":"https:\/\/ktimatatsis.gr\/#website"},"datePublished":"2023-07-25T15:56:12+00:00","dateModified":"2023-07-26T08:36:10+00:00","breadcrumb":{"@id":"https:\/\/ktimatatsis.gr\/distribution-network\/#breadcrumb"},"inLanguage":"el","potentialAction":[{"@type":"ReadAction","target":["https:\/\/ktimatatsis.gr\/distribution-network\/"]}]},{"@type":"BreadcrumbList","@id":"https:\/\/ktimatatsis.gr\/distribution-network\/#breadcrumb","itemListElement":[{"@type":"ListItem","position":1,"name":"Home","item":"https:\/\/ktimatatsis.gr\/"},{"@type":"ListItem","position":2,"name":"Distribution Network"}]},{"@type":"WebSite","@id":"https:\/\/ktimatatsis.gr\/#website","url":"https:\/\/ktimatatsis.gr\/","name":"Domaine Tatsis","description":"Domaine Tatsis","publisher":{"@id":"https:\/\/ktimatatsis.gr\/#organization"},"potentialAction":[{"@type":"SearchAction","target":{"@type":"EntryPoint","urlTemplate":"https:\/\/ktimatatsis.gr\/?s={search_term_string}"},"query-input":{"@type":"PropertyValueSpecification","valueRequired":true,"valueName":"search_term_string"}}],"inLanguage":"el"},{"@type":"Organization","@id":"https:\/\/ktimatatsis.gr\/#organization","name":"Domaine Tatsis","url":"https:\/\/ktimatatsis.gr\/","logo":{"@type":"ImageObject","inLanguage":"el","@id":"https:\/\/ktimatatsis.gr\/#\/schema\/logo\/image\/","url":"https:\/\/ktimatatsis.gr\/wp-content\/uploads\/2022\/03\/Logo-tatsis-EN.png","contentUrl":"https:\/\/ktimatatsis.gr\/wp-content\/uploads\/2022\/03\/Logo-tatsis-EN.png","width":1677,"height":441,"caption":"Domaine Tatsis"},"image":{"@id":"https:\/\/ktimatatsis.gr\/#\/schema\/logo\/image\/"}}]}},"_links":{"self":[{"href":"https:\/\/ktimatatsis.gr\/el\/wp-json\/wp\/v2\/pages\/732","targetHints":{"allow":["GET"]}}],"collection":[{"href":"https:\/\/ktimatatsis.gr\/el\/wp-json\/wp\/v2\/pages"}],"about":[{"href":"https:\/\/ktimatatsis.gr\/el\/wp-json\/wp\/v2\/types\/page"}],"author":[{"embeddable":true,"href":"https:\/\/ktimatatsis.gr\/el\/wp-json\/wp\/v2\/users\/2"}],"replies":[{"embeddable":true,"href":"https:\/\/ktimatatsis.gr\/el\/wp-json\/wp\/v2\/comments?post=732"}],"version-history":[{"count":3,"href":"https:\/\/ktimatatsis.gr\/el\/wp-json\/wp\/v2\/pages\/732\/revisions"}],"predecessor-version":[{"id":751,"href":"https:\/\/ktimatatsis.gr\/el\/wp-json\/wp\/v2\/pages\/732\/revisions\/751"}],"wp:attachment":[{"href":"https:\/\/ktimatatsis.gr\/el\/wp-json\/wp\/v2\/media?parent=732"}],"curies":[{"name":"wp","href":"https:\/\/api.w.org\/{rel}","templated":true}]}}